{"id":2001,"date":"2017-12-05T17:22:48","date_gmt":"2017-12-05T16:22:48","guid":{"rendered":"https:\/\/www.fontesala.com\/la-storia\/"},"modified":"2018-04-16T18:03:33","modified_gmt":"2018-04-16T16:03:33","slug":"la-storia","status":"publish","type":"page","link":"https:\/\/www.fontesala.com\/de\/la-storia\/","title":{"rendered":"Die Geschichte"},"content":{"rendered":"<div class=\"wpb-content-wrapper\">[vc_row full_width=&#8220;stretch_row_content&#8220; kswr_row_top_decor_enabled=&#8220;false&#8220; kswr_row_bottom_decor_enabled=&#8220;false&#8220; css=&#8220;.vc_custom_1514556933372{margin-top: 45px !important;margin-bottom: 32px !important;padding-right: 5px !important;padding-left: 5px !important;}&#8220;][vc_column][vc_text_separator title=&#8220;Die Geschichte&#8220; color=&#8220;custom&#8220; accent_color=&#8220;#ffffff&#8220; el_class=&#8220;titolo-pagina testo-bianco&#8220; el_id=&#8220;storia&#8220;][\/vc_column][\/vc_row][vc_row full_width=&#8220;stretch_row&#8220; kswr_row_top_decor_enabled=&#8220;false&#8220; kswr_row_bottom_decor_enabled=&#8220;false&#8220;][vc_column][vc_row_inner css=&#8220;.vc_custom_1515078800976{margin-bottom: 20px !important;}&#8220;][vc_column_inner width=&#8220;1\/6&#8243; offset=&#8220;vc_col-lg-2 vc_col-md-2 vc_hidden-sm vc_hidden-xs&#8220; css=&#8220;.vc_custom_1514556371561{margin-bottom: 0px !important;}&#8220;][\/vc_column_inner][vc_column_inner offset=&#8220;vc_col-lg-8 vc_col-md-8 vc_col-xs-12&#8243; css=&#8220;.vc_custom_1514556366393{margin-bottom: 0px !important;}&#8220;][vc_custom_heading text=&#8220;Die Geschichte Fonte Salas beginnt vor \u00fcber einem Jahrhundert, als der Stammvater der Familie Montalcini sich in dieses zauberhafte St\u00fcck Umbriens verliebte.\r\n&#8220; font_container=&#8220;tag:h2|text_align:center|color:%23ffffff&#8220; use_theme_fonts=&#8220;yes&#8220; el_class=&#8220;sottotitolo-pagina testo-bianco&#8220;][\/vc_column_inner][vc_column_inner width=&#8220;1\/6&#8243; offset=&#8220;vc_col-lg-2 vc_col-md-2 vc_hidden-sm vc_hidden-xs&#8220;][\/vc_column_inner][\/vc_row_inner][\/vc_column][\/vc_row][vc_row kswr_row_top_decor_enabled=&#8220;false&#8220; kswr_row_bottom_decor_enabled=&#8220;false&#8220;][vc_column][vc_row_inner content_placement=&#8220;top&#8220;][vc_column_inner offset=&#8220;vc_col-lg-4 vc_col-md-4 vc_col-xs-12&#8243;][vc_column_text el_class=&#8220;text-2125 testo-bianco&#8220;]\r\n<p class=\"p1\" style=\"text-align: center;\">Im Jahr 1913 kauft Camillo Montalcini von der Gemeinde Montefalco Fonte Sala, einen Bauernhof mit 12 Hektar Ackerland. Bis in die 90er Jahre ist Fonte Sala stets ein landwirtschaftlicher Betrieb geblieben, gef\u00fchrt von Bauern und Viehz\u00fcchtern aus der Region.<\/p>\r\n<p class=\"p1\" style=\"text-align: center;\">Als 1996 ein deutscher Maler mit seiner Familie das Anwesen bezog wurde Fonte Sala zu einem Wohnsitz.<\/p>\r\n<p class=\"p1\" style=\"text-align: center;\">Zu Beginn des neuen Jahrtausends wurde das Anwesen komplett restauriert und Dank des kontinuierlichen Engagements von Francesca Montalcini und ihrem Mann Francesco, zu einem Feriendomizil umgebaut.<\/p>\r\n<p class=\"p1\" style=\"text-align: center;\">Die Umbauarbeiten dauerten f\u00fcnf Jahre und haben das Anwesen um zwei eigenst\u00e4ndige Geb\u00e4ude, ein Gartenhaus und einen Swimming Pool bereichert.<\/p>\r\n[\/vc_column_text][\/vc_column_inner][vc_column_inner offset=&#8220;vc_col-lg-8 vc_col-md-8 vc_col-xs-12&#8243; css=&#8220;.vc_custom_1514996578222{margin-top: 20px !important;}&#8220;][kswr_layeredimages lrimctn_classes=&#8220;storia&#8220; lrimctn_images=&#8220;%5B%7B%22lrsimg_image%22%3A%221209%22%2C%22lrsimg_type%22%3A%22fadeIn%22%2C%22lrsimg_duration%22%3A%222%22%2C%22lrsimg_delay%22%3A%220%22%2C%22lrsimg_reanimate%22%3A%22false%22%2C%22lrsimg_iteration%22%3A%22once%22%2C%22lrsimg_iteration_number%22%3A%222%22%2C%22lrsimg_parallaxenabled%22%3A%22disabled%22%2C%22lrsimg_parallaxsensitive%22%3A%221%22%7D%2C%7B%22lrsimg_image%22%3A%221210%22%2C%22lrsimg_type%22%3A%22fadeInUp%22%2C%22lrsimg_duration%22%3A%222%22%2C%22lrsimg_delay%22%3A%221%22%2C%22lrsimg_reanimate%22%3A%22false%22%2C%22lrsimg_iteration%22%3A%22once%22%2C%22lrsimg_iteration_number%22%3A%222%22%2C%22lrsimg_parallaxenabled%22%3A%22disabled%22%2C%22lrsimg_parallaxsensitive%22%3A%221%22%7D%5D&#8220;][\/vc_column_inner][\/vc_row_inner][\/vc_column][\/vc_row][vc_row content_placement=&#8220;middle&#8220; kswr_row_top_decor_enabled=&#8220;false&#8220; kswr_row_bottom_decor_enabled=&#8220;false&#8220; css=&#8220;.vc_custom_1514556760038{margin-top: 32px !important;margin-bottom: 45px !important;}&#8220;][vc_column offset=&#8220;vc_col-lg-4 vc_col-md-4 vc_col-xs-12&#8243;][vc_single_image image=&#8220;1591&#8243; img_size=&#8220;340&#215;340&#8243; alignment=&#8220;center&#8220; style=&#8220;vc_box_circle_2&#8243;][\/vc_column][vc_column offset=&#8220;vc_col-lg-4 vc_col-md-4 vc_col-xs-12&#8243; css=&#8220;.vc_custom_1514556984372{padding-top: 32px !important;padding-bottom: 32px !important;}&#8220;][vc_column_text el_class=&#8220;text-2125 testo-bianco&#8220;]\r\n<p class=\"p1\" style=\"text-align: center;\">Heute wird der Ferienbetrieb von der vierten Generation der Familie Montalcini gef\u00fchrt. Mit dem Wissen, wie viel Liebe und Hingabe ihre Vorfahren mit diesem Land immer verbunden haben.<\/p>\r\n[\/vc_column_text][\/vc_column][vc_column offset=&#8220;vc_col-lg-4 vc_col-md-4 vc_col-xs-12&#8243;][vc_single_image image=&#8220;1211&#8243; img_size=&#8220;437&#215;290&#8243; alignment=&#8220;center&#8220;][\/vc_column][\/vc_row][vc_row full_width=&#8220;stretch_row_content&#8220; kswr_row_top_decor_enabled=&#8220;false&#8220; kswr_row_bottom_decor_enabled=&#8220;false&#8220; css=&#8220;.vc_custom_1514556876790{margin-bottom: 15px !important;padding-right: 5px !important;padding-left: 5px !important;}&#8220;][vc_column][vc_images_carousel images=&#8220;1463,1464,1158,1159,1160,1161&#8243; img_size=&#8220;1920&#215;800&#8243; onclick=&#8220;link_no&#8220; wrap=&#8220;yes&#8220; el_class=&#8220;slider-pagine&#8220;][\/vc_column][\/vc_row]<\/div>","protected":false},"excerpt":{"rendered":"[vc_row full_width=&#8220;stretch_row_content&#8220; kswr_row_top_decor_enabled=&#8220;false&#8220; kswr_row_bottom_decor_enabled=&#8220;false&#8220; css=&#8220;.vc_custom_1514556933372{margin-top: 45px !important;margin-bottom: 32px !important;padding-right: 5px !important;padding-left: 5px !important;}&#8220;][vc_column][vc_text_separator title=&#8220;Die Geschichte&#8220; color=&#8220;custom&#8220; accent_color=&#8220;#ffffff&#8220; el_class=&#8220;titolo-pagina testo-bianco&#8220; el_id=&#8220;storia&#8220;][\/vc_column][\/vc_row][vc_row full_width=&#8220;stretch_row&#8220; kswr_row_top_decor_enabled=&#8220;false&#8220; kswr_row_bottom_decor_enabled=&#8220;false&#8220;][vc_column][vc_row_inner css=&#8220;.vc_custom_1515078800976{margin-bottom: 20px !important;}&#8220;][vc_column_inner width=&#8220;1\/6&#8243; offset=&#8220;vc_col-lg-2 vc_col-md-2 vc_hidden-sm vc_hidden-xs&#8220; css=&#8220;.vc_custom_1514556371561{margin-bottom: 0px !important;}&#8220;][\/vc_column_inner][vc_column_inner offset=&#8220;vc_col-lg-8 vc_col-md-8 vc_col-xs-12&#8243; css=&#8220;.vc_custom_1514556366393{margin-bottom: 0px !important;}&#8220;][vc_custom_heading text=&#8220;Die Geschichte Fonte Salas beginnt vor \u00fcber einem Jahrhundert, als<span class=\"excerpt-hellip\"> [\u2026]<\/span>","protected":false},"author":3,"featured_media":0,"parent":0,"menu_order":1,"comment_status":"closed","ping_status":"closed","template":"","meta":{"_acf_changed":false,"footnotes":""},"class_list":["post-2001","page","type-page","status-publish","hentry"],"acf":[],"_links":{"self":[{"href":"https:\/\/www.fontesala.com\/de\/wp-json\/wp\/v2\/pages\/2001","targetHints":{"allow":["GET"]}}],"collection":[{"href":"https:\/\/www.fontesala.com\/de\/wp-json\/wp\/v2\/pages"}],"about":[{"href":"https:\/\/www.fontesala.com\/de\/wp-json\/wp\/v2\/types\/page"}],"author":[{"embeddable":true,"href":"https:\/\/www.fontesala.com\/de\/wp-json\/wp\/v2\/users\/3"}],"replies":[{"embeddable":true,"href":"https:\/\/www.fontesala.com\/de\/wp-json\/wp\/v2\/comments?post=2001"}],"version-history":[{"count":2,"href":"https:\/\/www.fontesala.com\/de\/wp-json\/wp\/v2\/pages\/2001\/revisions"}],"predecessor-version":[{"id":2003,"href":"https:\/\/www.fontesala.com\/de\/wp-json\/wp\/v2\/pages\/2001\/revisions\/2003"}],"wp:attachment":[{"href":"https:\/\/www.fontesala.com\/de\/wp-json\/wp\/v2\/media?parent=2001"}],"curies":[{"name":"wp","href":"https:\/\/api.w.org\/{rel}","templated":true}]}}