{"id":2010,"date":"2017-12-12T15:30:25","date_gmt":"2017-12-12T14:30:25","guid":{"rendered":"https:\/\/www.fontesala.com\/l-azienda\/"},"modified":"2018-04-19T17:52:55","modified_gmt":"2018-04-19T15:52:55","slug":"l-azienda","status":"publish","type":"page","link":"https:\/\/www.fontesala.com\/de\/l-azienda\/","title":{"rendered":"Der Betrieb"},"content":{"rendered":"<div class=\"wpb-content-wrapper\">[vc_row full_width=&#8220;stretch_row_content&#8220; kswr_row_top_decor_enabled=&#8220;false&#8220; kswr_row_bottom_decor_enabled=&#8220;false&#8220; css=&#8220;.vc_custom_1514558987875{margin-top: 45px !important;}&#8220;][vc_column][vc_text_separator title=&#8220;Der Betrieb&#8220; color=&#8220;custom&#8220; accent_color=&#8220;#ffffff&#8220; el_class=&#8220;titolo-pagina testo-bianco&#8220; el_id=&#8220;storia&#8220;][\/vc_column][\/vc_row][vc_row full_width=&#8220;stretch_row&#8220; css=&#8220;.vc_custom_1514559003560{margin-top: 32px !important;}&#8220; kswr_row_top_decor_enabled=&#8220;false&#8220; kswr_row_bottom_decor_enabled=&#8220;false&#8220;][vc_column width=&#8220;1\/6&#8243; offset=&#8220;vc_hidden-md vc_hidden-sm vc_hidden-xs&#8220;][\/vc_column][vc_column offset=&#8220;vc_col-lg-8&#8243;][vc_custom_heading text=&#8220;Wir haben einen kleinen Familienbetrieb und bebauen 12 Hektar Land nach den Richtlinien des \u00f6kologischen Landbaus von 2015&#8243; font_container=&#8220;tag:h2|text_align:center|color:%23ffffff&#8220; use_theme_fonts=&#8220;yes&#8220; el_class=&#8220;sottotitolo-pagina&#8220;][vc_single_image image=&#8220;1471&#8243; img_size=&#8220;medium&#8220; alignment=&#8220;center&#8220;][\/vc_column][vc_column width=&#8220;1\/6&#8243; offset=&#8220;vc_hidden-md vc_hidden-sm vc_hidden-xs&#8220;][\/vc_column][\/vc_row][vc_row full_width=&#8220;stretch_row_content&#8220; kswr_row_top_decor_enabled=&#8220;false&#8220; kswr_row_bottom_decor_enabled=&#8220;false&#8220; css=&#8220;.vc_custom_1514559903461{padding-top: 32px !important;padding-right: 20px !important;padding-bottom: 20px !important;padding-left: 20px !important;}&#8220;][vc_column css=&#8220;.vc_custom_1514559846630{padding-top: 0px !important;padding-right: 0px !important;padding-bottom: 0px !important;padding-left: 0px !important;}&#8220;][vc_images_carousel images=&#8220;1434,1435,1436,1437,1438,1439&#8243; img_size=&#8220;1920&#215;800&#8243; onclick=&#8220;link_no&#8220; wrap=&#8220;yes&#8220; el_class=&#8220;slider-pagine&#8220;][\/vc_column][\/vc_row][vc_row full_width=&#8220;stretch_row&#8220; content_placement=&#8220;middle&#8220; css=&#8220;.vc_custom_1514570453307{padding-top: 45px !important;padding-right: 20px !important;padding-bottom: 45px !important;padding-left: 20px !important;background-color: #e8cbb4 !important;}&#8220; kswr_row_top_decor_enabled=&#8220;false&#8220; kswr_row_bottom_decor_enabled=&#8220;false&#8220;][vc_column width=&#8220;1\/12&#8243; css=&#8220;.vc_custom_1514569045398{padding-top: 0px !important;padding-right: 20px !important;padding-bottom: 0px !important;padding-left: 20px !important;}&#8220; offset=&#8220;vc_hidden-md vc_hidden-sm vc_hidden-xs&#8220;][\/vc_column][vc_column offset=&#8220;vc_col-lg-5 vc_col-md-6 vc_col-xs-12&#8243; css=&#8220;.vc_custom_1514570386298{padding-top: 0px !important;padding-right: 0px !important;padding-bottom: 0px !important;padding-left: 0px !important;}&#8220;][kswr_layeredimages lrimctn_css=&#8220;.vc_custom_1516381094237{padding-top: 0px !important;padding-right: 0px !important;padding-bottom: 0px !important;padding-left: 0px !important;}&#8220; lrimctn_images=&#8220;%5B%7B%22lrsimg_image%22%3A%221541%22%2C%22lrsimg_type%22%3A%22fadeIn%22%2C%22lrsimg_duration%22%3A%222%22%2C%22lrsimg_delay%22%3A%220%22%2C%22lrsimg_reanimate%22%3A%22false%22%2C%22lrsimg_iteration%22%3A%22once%22%2C%22lrsimg_iteration_number%22%3A%222%22%2C%22lrsimg_parallaxenabled%22%3A%22disabled%22%2C%22lrsimg_parallaxsensitive%22%3A%221%22%7D%2C%7B%22lrsimg_image%22%3A%221537%22%2C%22lrsimg_type%22%3A%22fadeInUp%22%2C%22lrsimg_duration%22%3A%222%22%2C%22lrsimg_delay%22%3A%221%22%2C%22lrsimg_reanimate%22%3A%22false%22%2C%22lrsimg_iteration%22%3A%22once%22%2C%22lrsimg_iteration_number%22%3A%222%22%2C%22lrsimg_parallaxenabled%22%3A%22disabled%22%2C%22lrsimg_parallaxsensitive%22%3A%221%22%7D%5D&#8220;][\/vc_column][vc_column offset=&#8220;vc_col-lg-1 vc_hidden-md vc_hidden-sm vc_hidden-xs&#8220;][\/vc_column][vc_column offset=&#8220;vc_col-lg-3 vc_col-md-6 vc_col-xs-12&#8243;][vc_custom_heading text=&#8220;Der Wein&#8220; font_container=&#8220;tag:h2|text_align:center|color:%2380344e&#8220; use_theme_fonts=&#8220;yes&#8220; el_class=&#8220;titolo-sezione&#8220; css=&#8220;.vc_custom_1524152898232{padding-bottom: 25px !important;}&#8220;][vc_column_text el_class=&#8220;text-2125 testo-nero&#8220;]\r\n<p class=\"p1\" style=\"text-align: center;\">Wir haben uns entschieden auf unserem 6 Hektar gro\u00dfen Weinberg ausschlie\u00dflich die Sagrantino Traube anzubauen, eine kostbare und in Umbrien heimische Rebsorte.<\/p>\r\n<p class=\"p1\" style=\"text-align: center;\">W\u00e4hrend der Weinlese, normalerweise im Oktober, f\u00e4llt es unseren G\u00e4sten schwer, sich von den bezaubernden roten Bl\u00e4ttern unserer Weinreben unber\u00fchrt zu zeigen.<\/p>\r\n<p class=\"p1\" style=\"text-align: center;\">Seit 2016 geben wir mit Stolz die Weinbl\u00e4tter der Firma Aboca, f\u00fchrend in Italien in der Herstellung und Verarbeitung von Heilpflanzen.<\/p>\r\n[\/vc_column_text][\/vc_column][vc_column offset=&#8220;vc_col-lg-2 vc_hidden-md vc_hidden-sm vc_hidden-xs&#8220;][\/vc_column][\/vc_row][vc_row full_width=&#8220;stretch_row&#8220; content_placement=&#8220;middle&#8220; kswr_presponsive=&#8220;kswr_rm_pall&#8220; css=&#8220;.vc_custom_1514570448646{padding-top: 45px !important;padding-right: 20px !important;padding-bottom: 45px !important;padding-left: 20px !important;background-color: #d6dcdb !important;}&#8220; kswr_row_top_decor_enabled=&#8220;false&#8220; kswr_row_bottom_decor_enabled=&#8220;false&#8220;][vc_column offset=&#8220;vc_col-lg-2 vc_hidden-md vc_hidden-sm vc_hidden-xs&#8220;][\/vc_column][vc_column offset=&#8220;vc_col-lg-3 vc_col-md-6 vc_col-xs-12&#8243; css=&#8220;.vc_custom_1516376540021{padding-top: 0px !important;}&#8220;][vc_custom_heading text=&#8220;Das \u00d6l\r\n&#8220; font_container=&#8220;tag:h2|text_align:center|color:%2380344e&#8220; use_theme_fonts=&#8220;yes&#8220; el_class=&#8220;titolo-sezione&#8220; css=&#8220;.vc_custom_1524152944819{padding-bottom: 25px !important;}&#8220;][vc_column_text el_class=&#8220;text-2125 testo-nero&#8220; css=&#8220;.vc_custom_1524152933568{padding-bottom: 35px !important;}&#8220;]\r\n<p class=\"p1\" style=\"text-align: center;\">Leccino, Frantoio und Moraiolo. Dies sind die verschiedenen Olivensorten welche sich auf 750 Olivenb\u00e4ume in Fonte Sala verteilen.<\/p>\r\n<p class=\"p1\" style=\"text-align: center;\">Aus diesem exzellenten Rohstoff entsteht unser \u00d6l, welches unseren G\u00e4sten zur Verf\u00fcgung steht und das wir in Flaschen oder Kanistern verkaufen (0,5 lt, 1 lt, 3,5 lt).<\/p>\r\n[\/vc_column_text][\/vc_column][vc_column offset=&#8220;vc_col-lg-1 vc_hidden-md vc_hidden-sm vc_hidden-xs&#8220;][\/vc_column][vc_column offset=&#8220;vc_col-lg-5 vc_col-md-6 vc_col-xs-12&#8243; css=&#8220;.vc_custom_1514570431905{padding-top: 0px !important;padding-right: 0px !important;padding-bottom: 0px !important;padding-left: 0px !important;}&#8220;][kswr_layeredimages lrimctn_css=&#8220;.vc_custom_1516380968493{padding-top: 0px !important;padding-right: 0px !important;padding-bottom: 0px !important;padding-left: 0px !important;}&#8220; lrimctn_images=&#8220;%5B%7B%22lrsimg_image%22%3A%221535%22%2C%22lrsimg_type%22%3A%22fadeIn%22%2C%22lrsimg_duration%22%3A%222%22%2C%22lrsimg_delay%22%3A%220%22%2C%22lrsimg_reanimate%22%3A%22false%22%2C%22lrsimg_iteration%22%3A%22once%22%2C%22lrsimg_iteration_number%22%3A%222%22%2C%22lrsimg_parallaxenabled%22%3A%22disabled%22%2C%22lrsimg_parallaxsensitive%22%3A%221%22%7D%2C%7B%22lrsimg_image%22%3A%221534%22%2C%22lrsimg_type%22%3A%22fadeInUp%22%2C%22lrsimg_duration%22%3A%222%22%2C%22lrsimg_delay%22%3A%221%22%2C%22lrsimg_reanimate%22%3A%22false%22%2C%22lrsimg_iteration%22%3A%22once%22%2C%22lrsimg_iteration_number%22%3A%222%22%2C%22lrsimg_parallaxenabled%22%3A%22disabled%22%2C%22lrsimg_parallaxsensitive%22%3A%221%22%7D%5D&#8220;][\/vc_column][vc_column width=&#8220;1\/12&#8243; offset=&#8220;vc_hidden-md vc_hidden-sm vc_hidden-xs&#8220;][\/vc_column][\/vc_row][vc_row full_width=&#8220;stretch_row&#8220; content_placement=&#8220;bottom&#8220; kswr_row_top_decor_enabled=&#8220;false&#8220; kswr_row_bottom_decor_enabled=&#8220;false&#8220; css=&#8220;.vc_custom_1515664552253{background-image: url(https:\/\/www.fontesala.com\/wp-content\/uploads\/2018\/01\/Footer.jpg?id=1417) !important;background-position: center !important;background-repeat: no-repeat !important;background-size: cover !important;}&#8220;][vc_column][vc_empty_space el_class=&#8220;sfondo-home&#8220;][\/vc_column][\/vc_row][vc_row full_width=&#8220;stretch_row_content&#8220; css=&#8220;.vc_custom_1514560083734{padding-top: 45px !important;padding-bottom: 45px !important;background-color: #d6dcdb !important;}&#8220; kswr_row_top_decor_enabled=&#8220;false&#8220; kswr_row_bottom_decor_enabled=&#8220;false&#8220;][vc_column css=&#8220;.vc_custom_1514560032207{padding-top: 0px !important;padding-right: 20px !important;padding-bottom: 0px !important;padding-left: 20px !important;}&#8220;][vc_text_separator title=&#8220;Lo Staff&#8220; color=&#8220;custom&#8220; accent_color=&#8220;#80344e&#8220; el_class=&#8220;titolo-pagina testo-viola&#8220;][\/vc_column][\/vc_row][vc_row full_width=&#8220;stretch_row&#8220; kswr_row_top_decor_enabled=&#8220;false&#8220; kswr_row_bottom_decor_enabled=&#8220;false&#8220; css=&#8220;.vc_custom_1514561087281{padding-right: 20px !important;padding-bottom: 45px !important;padding-left: 20px !important;background-color: #d6dcdb !important;}&#8220;][vc_column width=&#8220;1\/6&#8243; offset=&#8220;vc_hidden-md vc_hidden-sm vc_hidden-xs&#8220;][\/vc_column][vc_column css=&#8220;.vc_custom_1514561786705{padding-top: 0px !important;padding-right: 0px !important;padding-bottom: 0px !important;padding-left: 0px !important;}&#8220; offset=&#8220;vc_col-lg-8&#8243;][vc_row_inner css=&#8220;.vc_custom_1514561076491{padding-top: 0px !important;padding-right: 0px !important;padding-bottom: 0px !important;padding-left: 0px !important;}&#8220;][vc_column_inner width=&#8220;1\/2&#8243; offset=&#8220;vc_col-lg-3 vc_col-md-3 vc_col-xs-12&#8243; css=&#8220;.vc_custom_1514561017771{padding-bottom: 20px !important;}&#8220;]<div class=\"team team_vertical\"><div class=\"image_frame photo no_link scale-with-grid\"><div class=\"image_wrapper\"><img decoding=\"async\" class=\"scale-with-grid\" src=\"https:\/\/www.fontesala.com\/wp-content\/uploads\/2017\/12\/Nello-e1513877396986.jpg\" alt=\"\" width=\"\" height=\"\"\/><\/div><\/div><div class=\"desc_wrapper\"><h4>Nello<\/h4><p class=\"subtitle\">Urgestein von Fonte Sala, er k\u00fcmmert sich um alles, vom Garten bis zur Bearbeitung der Felder.<\/p><hr class=\"hr_color\" \/><div class=\"desc\"><\/div><\/div><\/div>\n[\/vc_column_inner][vc_column_inner width=&#8220;1\/2&#8243; offset=&#8220;vc_col-lg-3 vc_col-md-3 vc_col-xs-12&#8243; css=&#8220;.vc_custom_1516376227732{padding-bottom: 20px !important;}&#8220;]<div class=\"team team_vertical\"><div class=\"image_frame photo no_link scale-with-grid\"><div class=\"image_wrapper\"><img decoding=\"async\" class=\"scale-with-grid\" src=\"https:\/\/www.fontesala.com\/wp-content\/uploads\/2017\/12\/Giannina-e1513877257693.jpg\" alt=\"\" width=\"\" height=\"\"\/><\/div><\/div><div class=\"desc_wrapper\"><h4>Giannina<\/h4><p class=\"subtitle\">Gemeinsam mit Nello sorgt sie sich um das Wohl der G\u00e4ste in Fonte Sala.<\/p><hr class=\"hr_color\" \/><div class=\"desc\"><\/div><\/div><\/div>\n[\/vc_column_inner][vc_column_inner el_class=&#8220;ueco&#8220; width=&#8220;1\/2&#8243; offset=&#8220;vc_col-lg-3 vc_col-md-3 vc_col-xs-12&#8243; css=&#8220;.vc_custom_1516376260805{padding-bottom: 20px !important;}&#8220;]<div class=\"team team_vertical\"><div class=\"image_frame photo no_link scale-with-grid\"><div class=\"image_wrapper\"><img decoding=\"async\" class=\"scale-with-grid\" src=\"https:\/\/www.fontesala.com\/wp-content\/uploads\/2017\/12\/Osvaldo-e1513877304441.jpg\" alt=\"\" width=\"\" height=\"\"\/><\/div><\/div><div class=\"desc_wrapper\"><h4>Osvaldo<\/h4><p class=\"subtitle\">Er ist f\u00fcr die Verwaltung und die Buchhaltung zust\u00e4ndig.<\/p><hr class=\"hr_color\" \/><div class=\"desc\"><\/div><\/div><\/div>\n[\/vc_column_inner][vc_column_inner width=&#8220;1\/2&#8243; offset=&#8220;vc_col-lg-3 vc_col-md-3 vc_col-xs-12&#8243; css=&#8220;.vc_custom_1514561034834{padding-bottom: 20px !important;}&#8220;]<div class=\"team team_vertical\"><div class=\"image_frame photo no_link scale-with-grid\"><div class=\"image_wrapper\"><img decoding=\"async\" class=\"scale-with-grid\" src=\"https:\/\/www.fontesala.com\/wp-content\/uploads\/2017\/12\/Lorenzo-e1513877341127.jpg\" alt=\"\" width=\"\" height=\"\"\/><\/div><\/div><div class=\"desc_wrapper\"><h4>Lorenzo<\/h4><p class=\"subtitle\">Aus der vierten Generation der Familie Montalcini ist Lorenzo der Gastgeber und f\u00fcr die \u00d6ffentlichkeitsarbeit zust\u00e4ndig.<\/p><hr class=\"hr_color\" \/><div class=\"desc\"><\/div><\/div><\/div>\n[\/vc_column_inner][\/vc_row_inner][\/vc_column][vc_column width=&#8220;1\/6&#8243; offset=&#8220;vc_hidden-md vc_hidden-sm vc_hidden-xs&#8220;][\/vc_column][\/vc_row]<\/div>","protected":false},"excerpt":{"rendered":"[vc_row full_width=&#8220;stretch_row_content&#8220; kswr_row_top_decor_enabled=&#8220;false&#8220; kswr_row_bottom_decor_enabled=&#8220;false&#8220; css=&#8220;.vc_custom_1514558987875{margin-top: 45px !important;}&#8220;][vc_column][vc_text_separator title=&#8220;Der Betrieb&#8220; color=&#8220;custom&#8220; accent_color=&#8220;#ffffff&#8220; el_class=&#8220;titolo-pagina testo-bianco&#8220; el_id=&#8220;storia&#8220;][\/vc_column][\/vc_row][vc_row full_width=&#8220;stretch_row&#8220; css=&#8220;.vc_custom_1514559003560{margin-top: 32px !important;}&#8220; kswr_row_top_decor_enabled=&#8220;false&#8220; kswr_row_bottom_decor_enabled=&#8220;false&#8220;][vc_column width=&#8220;1\/6&#8243; offset=&#8220;vc_hidden-md vc_hidden-sm vc_hidden-xs&#8220;][\/vc_column][vc_column offset=&#8220;vc_col-lg-8&#8243;][vc_custom_heading text=&#8220;Wir haben einen kleinen Familienbetrieb und bebauen 12 Hektar Land nach den Richtlinien des \u00f6kologischen Landbaus von 2015&#8243; font_container=&#8220;tag:h2|text_align:center|color:%23ffffff&#8220; use_theme_fonts=&#8220;yes&#8220; el_class=&#8220;sottotitolo-pagina&#8220;][vc_single_image image=&#8220;1471&#8243; img_size=&#8220;medium&#8220; alignment=&#8220;center&#8220;][\/vc_column][vc_column width=&#8220;1\/6&#8243;<span class=\"excerpt-hellip\"> [\u2026]<\/span>","protected":false},"author":3,"featured_media":0,"parent":0,"menu_order":2,"comment_status":"closed","ping_status":"closed","template":"","meta":{"_acf_changed":false,"footnotes":""},"class_list":["post-2010","page","type-page","status-publish","hentry"],"acf":[],"_links":{"self":[{"href":"https:\/\/www.fontesala.com\/de\/wp-json\/wp\/v2\/pages\/2010","targetHints":{"allow":["GET"]}}],"collection":[{"href":"https:\/\/www.fontesala.com\/de\/wp-json\/wp\/v2\/pages"}],"about":[{"href":"https:\/\/www.fontesala.com\/de\/wp-json\/wp\/v2\/types\/page"}],"author":[{"embeddable":true,"href":"https:\/\/www.fontesala.com\/de\/wp-json\/wp\/v2\/users\/3"}],"replies":[{"embeddable":true,"href":"https:\/\/www.fontesala.com\/de\/wp-json\/wp\/v2\/comments?post=2010"}],"version-history":[{"count":3,"href":"https:\/\/www.fontesala.com\/de\/wp-json\/wp\/v2\/pages\/2010\/revisions"}],"predecessor-version":[{"id":2013,"href":"https:\/\/www.fontesala.com\/de\/wp-json\/wp\/v2\/pages\/2010\/revisions\/2013"}],"wp:attachment":[{"href":"https:\/\/www.fontesala.com\/de\/wp-json\/wp\/v2\/media?parent=2010"}],"curies":[{"name":"wp","href":"https:\/\/api.w.org\/{rel}","templated":true}]}}