{"id":2018,"date":"2017-12-12T17:17:40","date_gmt":"2017-12-12T16:17:40","guid":{"rendered":"https:\/\/www.fontesala.com\/le-case\/"},"modified":"2018-05-09T14:54:13","modified_gmt":"2018-05-09T12:54:13","slug":"le-case","status":"publish","type":"page","link":"https:\/\/www.fontesala.com\/de\/le-case\/","title":{"rendered":"H\u00e4user"},"content":{"rendered":"<div class=\"wpb-content-wrapper\">[vc_section full_width=&#8220;stretch_row&#8220; css=&#8220;.vc_custom_1513786699160{background-color: #D3D9D8 !important;}&#8220;][vc_row full_width=&#8220;stretch_row_content&#8220; kswr_row_top_decor_enabled=&#8220;false&#8220; kswr_row_bottom_decor_enabled=&#8220;false&#8220;][vc_column][vc_text_separator title=&#8220;H\u00e4user&#8220; color=&#8220;custom&#8220; accent_color=&#8220;#80344e&#8220; el_class=&#8220;titolo-pagina testo-viola&#8220;][\/vc_column][\/vc_row][vc_row css=&#8220;.vc_custom_1513163802830{margin-top: 20px !important;}&#8220;][vc_column width=&#8220;1\/6&#8243;][\/vc_column][vc_column width=&#8220;2\/3&#8243;][vc_custom_heading text=&#8220;Unser Agrartourismus Anwesen ist ausgestattet mit einem Swimming Pool inmitten der Olivenb\u00e4ume und f\u00fcnf separaten Apartments mit Blick in den Garten. Die G\u00e4stewohnungen sind mit historischen Erbst\u00fccken der Familie Montalcini m\u00f6bliert und mit gro\u00dfem Komfort ausgestattet.&#8220; font_container=&#8220;tag:h2|text_align:center|color:%233b332e&#8220; use_theme_fonts=&#8220;yes&#8220; el_class=&#8220;sottotitolo-pagina&#8220;][\/vc_column][vc_column width=&#8220;1\/6&#8243;][\/vc_column][\/vc_row][vc_row full_width=&#8220;stretch_row_content_no_spaces&#8220; css=&#8220;.vc_custom_1515506152741{padding-top: 15px !important;padding-right: 15px !important;padding-bottom: 15px !important;padding-left: 15px !important;}&#8220; el_id=&#8220;case&#8220; kswr_row_top_decor_enabled=&#8220;false&#8220; kswr_row_bottom_decor_enabled=&#8220;false&#8220;][vc_column css=&#8220;.vc_custom_1515506160043{padding-top: 0px !important;}&#8220;][vc_row_inner el_id=&#8220;quadrato-case&#8220;][vc_column_inner offset=&#8220;vc_hidden-sm vc_hidden-xs&#8220;][vc_single_image image=&#8220;1744&#8243; img_size=&#8220;60&#215;60&#8243; alignment=&#8220;center&#8220; css=&#8220;.vc_custom_1516899277502{background-color: #d3d9d8 !important;}&#8220; el_id=&#8220;icona-case&#8220;][vc_custom_heading text=&#8220;H\u00e4user&#8220; font_container=&#8220;tag:h2|text_align:center|color:%2380344e&#8220; use_theme_fonts=&#8220;yes&#8220; el_id=&#8220;titolo-case&#8220; el_class=&#8220;titolo-case-home&#8220;][\/vc_column_inner][\/vc_row_inner][vc_row_inner][vc_column_inner offset=&#8220;vc_hidden-lg vc_hidden-md&#8220;][vc_single_image image=&#8220;19&#8243; img_size=&#8220;60&#215;60&#8243; alignment=&#8220;center&#8220; css=&#8220;.vc_custom_1516899290702{background-color: #d3d9d8 !important;}&#8220;][vc_custom_heading text=&#8220;H\u00e4user&#8220; font_container=&#8220;tag:h2|text_align:center|color:%2380344e&#8220; use_theme_fonts=&#8220;yes&#8220; el_class=&#8220;titolo-case-home&#8220;][\/vc_column_inner][\/vc_row_inner][vc_row_inner][vc_column_inner el_class=&#8220;img-overlay&#8220; width=&#8220;1\/2&#8243;][vc_single_image image=&#8220;1912&#8243; img_size=&#8220;large&#8220; el_class=&#8220;bg-overlay&#8220;][vc_single_image image=&#8220;1173&#8243; alignment=&#8220;center&#8220; onclick=&#8220;custom_link&#8220; el_class=&#8220;overlay&#8220; link=&#8220;\/de\/le-case\/la-torre\/&#8220;][\/vc_column_inner][vc_column_inner el_class=&#8220;img-overlay&#8220; width=&#8220;1\/2&#8243;][vc_single_image image=&#8220;1557&#8243; img_size=&#8220;large&#8220; el_class=&#8220;bg-overlay&#8220;][vc_single_image image=&#8220;1172&#8243; alignment=&#8220;center&#8220; onclick=&#8220;custom_link&#8220; el_class=&#8220;overlay&#8220; link=&#8220;..\/de\/le-case\/bacco\/&#8220;][\/vc_column_inner][\/vc_row_inner][vc_row_inner][vc_column_inner el_class=&#8220;img-overlay&#8220; width=&#8220;1\/3&#8243;][vc_single_image image=&#8220;1561&#8243; img_size=&#8220;large&#8220; el_class=&#8220;bg-overlay&#8220;][vc_single_image image=&#8220;1176&#8243; alignment=&#8220;center&#8220; onclick=&#8220;custom_link&#8220; el_class=&#8220;overlay&#8220; link=&#8220;\/de\/le-case\/zefiro\/&#8220;][\/vc_column_inner][vc_column_inner el_class=&#8220;img-overlay&#8220; width=&#8220;1\/3&#8243;][vc_single_image image=&#8220;1558&#8243; img_size=&#8220;large&#8220; el_class=&#8220;bg-overlay&#8220;][vc_single_image image=&#8220;1175&#8243; alignment=&#8220;center&#8220; onclick=&#8220;custom_link&#8220; el_class=&#8220;overlay&#8220; link=&#8220;\/de\/le-case\/ginestra&#8220;][\/vc_column_inner][vc_column_inner el_class=&#8220;img-overlay&#8220; width=&#8220;1\/3&#8243;][vc_single_image image=&#8220;1559&#8243; img_size=&#8220;large&#8220; el_class=&#8220;bg-overlay&#8220;][vc_single_image image=&#8220;1174&#8243; alignment=&#8220;center&#8220; onclick=&#8220;custom_link&#8220; el_class=&#8220;overlay&#8220; link=&#8220;\/de\/le-case\/lavanda\/&#8220;][\/vc_column_inner][\/vc_row_inner][\/vc_column][\/vc_row][\/vc_section]<\/div>","protected":false},"excerpt":{"rendered":"[vc_section full_width=&#8220;stretch_row&#8220; css=&#8220;.vc_custom_1513786699160{background-color: #D3D9D8 !important;}&#8220;][vc_row full_width=&#8220;stretch_row_content&#8220; kswr_row_top_decor_enabled=&#8220;false&#8220; kswr_row_bottom_decor_enabled=&#8220;false&#8220;][vc_column][vc_text_separator title=&#8220;H\u00e4user&#8220; color=&#8220;custom&#8220; accent_color=&#8220;#80344e&#8220; el_class=&#8220;titolo-pagina testo-viola&#8220;][\/vc_column][\/vc_row][vc_row css=&#8220;.vc_custom_1513163802830{margin-top: 20px !important;}&#8220;][vc_column width=&#8220;1\/6&#8243;][\/vc_column][vc_column width=&#8220;2\/3&#8243;][vc_custom_heading text=&#8220;Unser Agrartourismus Anwesen ist ausgestattet mit einem Swimming Pool inmitten der Olivenb\u00e4ume und f\u00fcnf separaten Apartments mit Blick in den Garten. Die G\u00e4stewohnungen sind mit historischen Erbst\u00fccken der Familie Montalcini m\u00f6bliert und<span class=\"excerpt-hellip\"> [\u2026]<\/span>","protected":false},"author":3,"featured_media":0,"parent":0,"menu_order":3,"comment_status":"closed","ping_status":"closed","template":"","meta":{"_acf_changed":false,"footnotes":""},"class_list":["post-2018","page","type-page","status-publish","hentry"],"acf":[],"_links":{"self":[{"href":"https:\/\/www.fontesala.com\/de\/wp-json\/wp\/v2\/pages\/2018","targetHints":{"allow":["GET"]}}],"collection":[{"href":"https:\/\/www.fontesala.com\/de\/wp-json\/wp\/v2\/pages"}],"about":[{"href":"https:\/\/www.fontesala.com\/de\/wp-json\/wp\/v2\/types\/page"}],"author":[{"embeddable":true,"href":"https:\/\/www.fontesala.com\/de\/wp-json\/wp\/v2\/users\/3"}],"replies":[{"embeddable":true,"href":"https:\/\/www.fontesala.com\/de\/wp-json\/wp\/v2\/comments?post=2018"}],"version-history":[{"count":5,"href":"https:\/\/www.fontesala.com\/de\/wp-json\/wp\/v2\/pages\/2018\/revisions"}],"predecessor-version":[{"id":2077,"href":"https:\/\/www.fontesala.com\/de\/wp-json\/wp\/v2\/pages\/2018\/revisions\/2077"}],"wp:attachment":[{"href":"https:\/\/www.fontesala.com\/de\/wp-json\/wp\/v2\/media?parent=2018"}],"curies":[{"name":"wp","href":"https:\/\/api.w.org\/{rel}","templated":true}]}}