{"id":2021,"date":"2017-12-22T20:30:39","date_gmt":"2017-12-22T19:30:39","guid":{"rendered":"https:\/\/www.fontesala.com\/le-case\/la-torre\/"},"modified":"2023-11-03T15:19:56","modified_gmt":"2023-11-03T14:19:56","slug":"la-torre","status":"publish","type":"page","link":"https:\/\/www.fontesala.com\/de\/le-case\/la-torre\/","title":{"rendered":"Torre"},"content":{"rendered":"<div class=\"wpb-content-wrapper\">[vc_section][vc_row full_width=&#8220;stretch_row_content_no_spaces&#8220; kswr_row_bg_type=&#8220;simpleimage&#8220; kswr_row_top_decor_enabled=&#8220;false&#8220; kswr_row_bottom_decor_enabled=&#8220;false&#8220; kswr_row_bg_image_img=&#8220;709&#8243; kswr_row_bg_image=&#8220;{&#8222;image&#8222;:&#8222;&#8222;,&#8222;repeat&#8222;:&#8222;repeat-x&#8222;,&#8222;position&#8222;:&#8222;left bottom&#8222;,&#8222;size&#8222;:&#8222;contain&#8222;,&#8222;overlay&#8222;:&#8222;&#8222;,&#8222;overlayopacity&#8222;:&#8222;0&#8222;}&#8220; css=&#8220;.vc_custom_1514564260543{margin-top: -50px !important;margin-bottom: -20px !important;}&#8220;][vc_column][vc_row_inner kswr_row_bg_type=&#8220;simpleimage&#8220; kswr_row_bg_image_img=&#8220;709&#8243; kswr_row_bg_image=&#8220;{&#8222;image&#8222;:&#8222;&#8222;,&#8222;repeat&#8222;:&#8222;repeat-x&#8222;,&#8222;position&#8222;:&#8222;center center&#8222;,&#8222;size&#8222;:&#8222;contain&#8222;,&#8222;overlay&#8222;:&#8222;&#8222;,&#8222;overlayopacity&#8222;:&#8222;0&#8222;}&#8220;][vc_column_inner width=&#8220;1\/3&#8243;][\/vc_column_inner][vc_column_inner width=&#8220;1\/3&#8243;][vc_single_image image=&#8220;708&#8243; img_size=&#8220;100&#215;100&#8243; alignment=&#8220;center&#8220;][\/vc_column_inner][vc_column_inner width=&#8220;1\/3&#8243;][\/vc_column_inner][\/vc_row_inner][\/vc_column][\/vc_row][vc_row full_width=&#8220;stretch_row_content&#8220; css=&#8220;.vc_custom_1516724657881{margin-top: 0px !important;background-color: #d6dcdb !important;}&#8220; kswr_row_top_decor_enabled=&#8220;false&#8220; kswr_row_bottom_decor_enabled=&#8220;false&#8220;][vc_column css=&#8220;.vc_custom_1516723591114{padding-top: 0px !important;}&#8220;][vc_text_separator title=&#8220;Torre&#8220; color=&#8220;custom&#8220; accent_color=&#8220;#80344e&#8220; el_class=&#8220;titolo-pagina testo-viola&#8220;][\/vc_column][\/vc_row][vc_row content_placement=&#8220;middle&#8220; css=&#8220;.vc_custom_1514564327178{padding-bottom: 32px !important;}&#8220; kswr_row_top_decor_enabled=&#8220;false&#8220; kswr_row_bottom_decor_enabled=&#8220;false&#8220;][vc_column width=&#8220;1\/6&#8243; offset=&#8220;vc_col-lg-2 vc_col-md-1 vc_hidden-sm vc_hidden-xs&#8220;][\/vc_column][vc_column width=&#8220;1\/2&#8243; css=&#8220;.vc_custom_1516725221271{padding-right: 20px !important;padding-left: 20px !important;}&#8220; offset=&#8220;vc_col-lg-4 vc_col-md-5&#8243;][vc_custom_heading text=&#8220;In einem quadratischen Turm, erbaut auf einem antiken Gem\u00e4uer aus dem Zeitalter der Langobarden, erstreckt sich das gr\u00f6\u00dfte Appartment von Fonte Sala.&#8220; font_container=&#8220;tag:h3|text_align:center|color:%233b332e&#8220; use_theme_fonts=&#8220;yes&#8220; el_class=&#8220;sottotitolo-pagina&#8220;][\/vc_column][vc_column width=&#8220;1\/2&#8243; css=&#8220;.vc_custom_1516725215971{padding-right: 20px !important;padding-left: 20px !important;}&#8220; offset=&#8220;vc_col-lg-4 vc_col-md-5&#8243;][vc_single_image image=&#8220;674&#8243; img_size=&#8220;large&#8220;][\/vc_column][vc_column width=&#8220;1\/6&#8243; offset=&#8220;vc_col-lg-2 vc_col-md-1 vc_hidden-sm vc_hidden-xs&#8220;][\/vc_column][\/vc_row][vc_row content_placement=&#8220;middle&#8220; css=&#8220;.vc_custom_1514564793248{margin-bottom: 45px !important;}&#8220; kswr_row_top_decor_enabled=&#8220;false&#8220; kswr_row_bottom_decor_enabled=&#8220;false&#8220;][vc_column width=&#8220;1\/12&#8243; offset=&#8220;vc_hidden-md vc_hidden-sm vc_hidden-xs&#8220;][\/vc_column][vc_column width=&#8220;2\/3&#8243; offset=&#8220;vc_col-lg-6 vc_col-md-8 vc_col-xs-12&#8243;][vc_column_text el_class=&#8220;text-2125 testo-nero&#8220;]\r\n<p class=\"p1\" style=\"text-align: center;\">Der Eingang des Apartment Torre besticht durch seine gro\u00dfe Glasfront zum Garten. Im Erdgeschoss befindet sich der Wohnbereich, bestehend aus einem Wohnzimmer mit Kamin, einem Esszimmer, einer gro\u00dfz\u00fcgigen K\u00fcche und einem kleineren Badezimmer.<\/p>\r\n<p class=\"p1\" style=\"text-align: center;\">Im ersten Stock befinden sich die Schlafzimmer. Zwei mit Doppelbetten ausgestattet und ein Einzelzimmer, sowie zwei Badezimmer.<\/p>\r\n<p class=\"p1\" style=\"text-align: center;\">Der zweite Stock, ein ausgebauter Dachboden, beherbergt ein kleines Studio.<\/p>\r\n<p class=\"p1\" style=\"text-align: center;\">Vom Erdgeschoss des Hauses Torre aus gelangt man in den Garten. Dort hat man die M\u00f6glichkeit, in einem Atrium, bei sch\u00f6nem Wetter, ungest\u00f6rt drau\u00dfen zu Speisen.<\/p>\r\n[\/vc_column_text][\/vc_column][vc_column offset=&#8220;vc_col-lg-1 vc_hidden-md vc_hidden-sm vc_hidden-xs&#8220;][\/vc_column][vc_column width=&#8220;1\/3&#8243; css=&#8220;.vc_custom_1516627339695{margin-top: 32px !important;}&#8220; offset=&#8220;vc_col-lg-4 vc_col-md-4 vc_col-xs-12&#8243;][vc_single_image image=&#8220;668&#8243; img_size=&#8220;300&#215;300&#8243; style=&#8220;vc_box_circle_2&#8243;][\/vc_column][\/vc_row][\/vc_section][vc_section full_width=&#8220;stretch_row&#8220;][vc_row full_width=&#8220;stretch_row&#8220; kswr_row_top_decor_enabled=&#8220;false&#8220; kswr_row_bottom_decor_enabled=&#8220;false&#8220;][vc_column offset=&#8220;vc_hidden-xs&#8220;][vc_images_carousel images=&#8220;1641,1642,1643,1644,1645,1646,1622,1647,1648,1649&#8243; img_size=&#8220;slider-casa-singola&#8220; onclick=&#8220;link_no&#8220; wrap=&#8220;yes&#8220; el_class=&#8220;slider-pagine&#8220;][\/vc_column][\/vc_row][vc_row full_width=&#8220;stretch_row_content&#8220; kswr_row_top_decor_enabled=&#8220;false&#8220; kswr_row_bottom_decor_enabled=&#8220;false&#8220;][vc_column offset=&#8220;vc_hidden-lg vc_hidden-md vc_hidden-sm&#8220;][vc_images_carousel images=&#8220;1641,1642,1643,1644,1645,1646,1622,1647,1648,1649&#8243; img_size=&#8220;slider-casa-singola-mobile&#8220; onclick=&#8220;link_no&#8220; wrap=&#8220;yes&#8220; el_class=&#8220;slider-pagine&#8220;][\/vc_column][\/vc_row][\/vc_section][vc_section css=&#8220;.vc_custom_1514573348136{margin-top: 45px !important;margin-bottom: 45px !important;}&#8220;][vc_row equal_height=&#8220;yes&#8220; content_placement=&#8220;middle&#8220; kswr_row_top_decor_enabled=&#8220;false&#8220; kswr_row_bottom_decor_enabled=&#8220;false&#8220; el_id=&#8220;scheda&#8220;][vc_column width=&#8220;1\/12&#8243; offset=&#8220;vc_hidden-sm vc_hidden-xs&#8220;][vc_text_separator title=&#8220;STECKBRIEF&#8220; color=&#8220;custom&#8220; accent_color=&#8220;#80344e&#8220; el_class=&#8220;separatore_verticale viola&#8220;][\/vc_column][vc_column width=&#8220;1\/4&#8243; offset=&#8220;vc_hidden-sm vc_hidden-xs&#8220;][vc_row_inner][vc_column_inner offset=&#8220;vc_col-lg-6 vc_col-md-6 vc_col-xs-12&#8243;][vc_custom_heading text=&#8220;Anzahl der G\u00e4ste&#8220; font_container=&#8220;tag:h5|font_size:16px|text_align:center|color:%2380344e|line_height:19px&#8220; use_theme_fonts=&#8220;yes&#8220;][vc_custom_heading text=&#8220;8&#8243; font_container=&#8220;tag:h3|font_size:34px|text_align:center|color:%233b332e|line_height:38px&#8220; use_theme_fonts=&#8220;yes&#8220;][\/vc_column_inner][vc_column_inner offset=&#8220;vc_col-lg-6 vc_col-md-6 vc_col-xs-12&#8243;][vc_custom_heading text=&#8220;Badezimmer&#8220; font_container=&#8220;tag:h5|font_size:16px|text_align:center|color:%2380344e|line_height:19px&#8220; use_theme_fonts=&#8220;yes&#8220;][vc_custom_heading text=&#8220;3&#8243; font_container=&#8220;tag:h3|font_size:34px|text_align:center|color:%233b332e|line_height:38px&#8220; use_theme_fonts=&#8220;yes&#8220;][\/vc_column_inner][\/vc_row_inner][vc_row_inner][vc_column_inner offset=&#8220;vc_col-lg-6 vc_col-md-6 vc_col-xs-12&#8243;][vc_custom_heading text=&#8220;Gr\u00f6\u00dfe&#8220; font_container=&#8220;tag:h5|font_size:16px|text_align:center|color:%2380344e|line_height:19px&#8220; use_theme_fonts=&#8220;yes&#8220;][vc_custom_heading text=&#8220;140 mq&#8220; font_container=&#8220;tag:h3|font_size:34px|text_align:center|color:%233b332e|line_height:38px&#8220; use_theme_fonts=&#8220;yes&#8220;][\/vc_column_inner][vc_column_inner offset=&#8220;vc_col-lg-6 vc_col-md-6 vc_col-xs-12&#8243;][vc_custom_heading text=&#8220;Zimmer&#8220; font_container=&#8220;tag:h5|font_size:16px|text_align:center|color:%2380344e|line_height:19px&#8220; use_theme_fonts=&#8220;yes&#8220;][vc_custom_heading text=&#8220;4&#8243; font_container=&#8220;tag:h3|font_size:34px|text_align:center|color:%233b332e|line_height:38px&#8220; use_theme_fonts=&#8220;yes&#8220;][\/vc_column_inner][\/vc_row_inner][vc_row_inner css=&#8220;.vc_custom_1514566202370{padding-top: 32px !important;padding-bottom: 32px !important;}&#8220;][vc_column_inner][vc_custom_heading text=&#8220;Plan ansicht&#8220; font_container=&#8220;tag:h3|font_size:20px|text_align:center|color:%2380344e|line_height:22px&#8220; use_theme_fonts=&#8220;yes&#8220; link=&#8220;url:https%3A%2F%2Fwww.fontesala.com%2Fwp-content%2Fuploads%2F2023%2F10%2Ftorre.pdf|target:_blank&#8220; el_class=&#8220;link-con-freccia-dx&#8220; css=&#8220;.vc_custom_1698398134809{padding-bottom: 20px !important;}&#8220;][\/vc_column_inner][\/vc_row_inner][\/vc_column][vc_column width=&#8220;1\/12&#8243; offset=&#8220;vc_hidden-sm vc_hidden-xs&#8220;][vc_text_separator title=&#8220;SERVICE&#8220; color=&#8220;custom&#8220; accent_color=&#8220;#80344e&#8220; el_class=&#8220;separatore_verticale viola&#8220;][\/vc_column][vc_column width=&#8220;1\/3&#8243; offset=&#8220;vc_hidden-sm vc_hidden-xs&#8220;][vc_row_inner css=&#8220;.vc_custom_1514573030252{padding-bottom: 32px !important;}&#8220;][vc_column_inner offset=&#8220;vc_col-lg-6 vc_col-md-6 vc_col-xs-12&#8243;][vc_column_text el_class=&#8220;text-2125 testo-nero&#8220;]\r\n<p class=\"p1\" style=\"text-align: center;\">Wi-fi\r\nTV\r\nB\u00fccher und Zeitschriften\r\nKamin\r\nBettw\u00e4sche und Handt\u00fccher<\/p>\r\n[\/vc_column_text][vc_column_text el_class=&#8220;text-2125 testo-nero&#8220;]\r\n<p class=\"p1\" style=\"text-align: center;\">Bettdecken aus G\u00e4nsedaunen\r\nPflegeprodukte\r\nBadewanne und Dusche\r\nVoll ausgestattete K\u00fcche<\/p>\r\n[\/vc_column_text][\/vc_column_inner][vc_column_inner offset=&#8220;vc_col-lg-6 vc_col-md-6 vc_col-xs-12&#8243;][vc_column_text el_class=&#8220;text-2125 testo-nero&#8220;]\r\n<p class=\"p1\" style=\"text-align: center;\">K\u00fchlschrank\r\nSp\u00fclmaschine\r\nOfen\r\nGeschirr und Zubeh\u00f6r\r\nWasch- und B\u00fcgelservice<\/p>\r\n[\/vc_column_text][vc_column_text el_class=&#8220;text-2125 testo-nero&#8220;]\r\n<p class=\"p1\" style=\"text-align: center;\">B\u00fcgelbrett und B\u00fcgeleisen\r\nHaustiere sind nach Absprache erlaubt\r\nParkplatz\r\nCheck-in und Check-out sind flexibel<\/p>\r\n[\/vc_column_text][\/vc_column_inner][\/vc_row_inner][\/vc_column][vc_column width=&#8220;1\/12&#8243; offset=&#8220;vc_hidden-sm vc_hidden-xs&#8220;][vc_text_separator title=&#8220;H\u00c4USER&#8220; color=&#8220;custom&#8220; accent_color=&#8220;#80344e&#8220; el_class=&#8220;separatore_verticale viola&#8220;][\/vc_column][vc_column width=&#8220;1\/6&#8243; offset=&#8220;vc_hidden-sm vc_hidden-xs&#8220;][vc_custom_heading text=&#8220;Bacco&#8220; font_container=&#8220;tag:h3|font_size:1.25rem|text_align:left|color:%2380344e|line_height:1.45rem&#8220; use_theme_fonts=&#8220;yes&#8220; link=&#8220;url:https%3A%2F%2Fwww.fontesala.com%2Fde%2Fle-case%2Fbacco%2F|title:Bacco&#8220; el_class=&#8220;link-a-casa bacco&#8220; css=&#8220;.vc_custom_1699021097527{padding-bottom: 20px !important;}&#8220;][vc_custom_heading text=&#8220;Zefiro&#8220; font_container=&#8220;tag:h3|font_size:1.25rem|text_align:left|color:%2380344e|line_height:1.45rem&#8220; use_theme_fonts=&#8220;yes&#8220; link=&#8220;url:https%3A%2F%2Fwww.fontesala.com%2Fde%2Fle-case%2Fzefiro%2F|title:Zefiro&#8220; el_class=&#8220;link-a-casa zefiro&#8220; css=&#8220;.vc_custom_1699021107493{padding-bottom: 20px !important;}&#8220;][vc_custom_heading text=&#8220;Ginestra&#8220; font_container=&#8220;tag:h3|font_size:1.25rem|text_align:left|color:%2380344e|line_height:1.45rem&#8220; use_theme_fonts=&#8220;yes&#8220; link=&#8220;url:https%3A%2F%2Fwww.fontesala.com%2Fde%2Fle-case%2Fginestra%2F|title:Ginestra&#8220; el_class=&#8220;link-a-casa ginestra&#8220; css=&#8220;.vc_custom_1699021120141{padding-bottom: 20px !important;}&#8220;][vc_custom_heading text=&#8220;Lavanda&#8220; font_container=&#8220;tag:h3|font_size:1.25rem|text_align:left|color:%2380344e|line_height:1.45rem&#8220; use_theme_fonts=&#8220;yes&#8220; link=&#8220;url:https%3A%2F%2Fwww.fontesala.com%2Fde%2Fle-case%2Flavanda%2F|title:Lavanda&#8220; el_class=&#8220;link-a-casa lavanda&#8220; css=&#8220;.vc_custom_1699021190343{padding-bottom: 20px !important;}&#8220;][\/vc_column][\/vc_row][vc_row equal_height=&#8220;yes&#8220; content_placement=&#8220;top&#8220; kswr_row_top_decor_enabled=&#8220;false&#8220; kswr_row_bottom_decor_enabled=&#8220;false&#8220; el_id=&#8220;scheda_mobile&#8220;][vc_column width=&#8220;1\/3&#8243; offset=&#8220;vc_hidden-lg vc_hidden-md&#8220;][vc_row_inner css=&#8220;.vc_custom_1514572952597{padding-bottom: 20px !important;}&#8220;][vc_column_inner][vc_text_separator title=&#8220;STECKBRIEF&#8220; color=&#8220;custom&#8220; accent_color=&#8220;#80344e&#8220; el_class=&#8220;separatore_verticale viola&#8220;][\/vc_column_inner][\/vc_row_inner][vc_row_inner][vc_column_inner offset=&#8220;vc_col-lg-6 vc_col-md-6 vc_col-xs-12&#8243;][vc_custom_heading text=&#8220;Anzahl der G\u00e4ste&#8220; font_container=&#8220;tag:h5|font_size:16px|text_align:center|color:%2380344e|line_height:19px&#8220; use_theme_fonts=&#8220;yes&#8220;][vc_custom_heading text=&#8220;5&#8243; font_container=&#8220;tag:h3|font_size:34px|text_align:center|color:%233b332e|line_height:38px&#8220; use_theme_fonts=&#8220;yes&#8220;][\/vc_column_inner][vc_column_inner offset=&#8220;vc_col-lg-6 vc_col-md-6 vc_col-xs-12&#8243;][vc_custom_heading text=&#8220;Badezimmer&#8220; font_container=&#8220;tag:h5|font_size:16px|text_align:center|color:%2380344e|line_height:19px&#8220; use_theme_fonts=&#8220;yes&#8220;][vc_custom_heading text=&#8220;3&#8243; font_container=&#8220;tag:h3|font_size:34px|text_align:center|color:%233b332e|line_height:38px&#8220; use_theme_fonts=&#8220;yes&#8220;][\/vc_column_inner][\/vc_row_inner][vc_row_inner][vc_column_inner offset=&#8220;vc_col-lg-6 vc_col-md-6 vc_col-xs-12&#8243;][vc_custom_heading text=&#8220;Gr\u00f6\u00dfe&#8220; font_container=&#8220;tag:h5|font_size:16px|text_align:center|color:%2380344e|line_height:19px&#8220; use_theme_fonts=&#8220;yes&#8220;][vc_custom_heading text=&#8220;140 mq&#8220; font_container=&#8220;tag:h3|font_size:34px|text_align:center|color:%233b332e|line_height:38px&#8220; use_theme_fonts=&#8220;yes&#8220;][\/vc_column_inner][vc_column_inner offset=&#8220;vc_col-lg-6 vc_col-md-6 vc_col-xs-12&#8243;][vc_custom_heading text=&#8220;Zimmer&#8220; font_container=&#8220;tag:h5|font_size:16px|text_align:center|color:%2380344e|line_height:19px&#8220; use_theme_fonts=&#8220;yes&#8220;][vc_custom_heading text=&#8220;3&#8243; font_container=&#8220;tag:h3|font_size:34px|text_align:center|color:%233b332e|line_height:38px&#8220; use_theme_fonts=&#8220;yes&#8220;][\/vc_column_inner][\/vc_row_inner][vc_row_inner css=&#8220;.vc_custom_1514566202370{padding-top: 32px !important;padding-bottom: 32px !important;}&#8220;][vc_column_inner][vc_custom_heading text=&#8220;Plan ansicht&#8220; font_container=&#8220;tag:h3|font_size:20px|text_align:center|color:%2380344e|line_height:22px&#8220; use_theme_fonts=&#8220;yes&#8220; link=&#8220;url:https%3A%2F%2Fwww.fontesala.com%2Fwp-content%2Fuploads%2F2023%2F10%2Ftorre.pdf|target:_blank&#8220; el_class=&#8220;link-con-freccia-dx&#8220; css=&#8220;.vc_custom_1698398144097{padding-bottom: 20px !important;}&#8220;][\/vc_column_inner][\/vc_row_inner][\/vc_column][vc_column width=&#8220;5\/12&#8243; offset=&#8220;vc_hidden-lg vc_hidden-md&#8220;][vc_row_inner][vc_column_inner css=&#8220;.vc_custom_1514574111008{padding-bottom: 20px !important;}&#8220;][vc_text_separator title=&#8220;SERVICE&#8220; color=&#8220;custom&#8220; accent_color=&#8220;#80344e&#8220; el_class=&#8220;separatore_verticale viola&#8220;][\/vc_column_inner][\/vc_row_inner][vc_row_inner css=&#8220;.vc_custom_1514573030252{padding-bottom: 32px !important;}&#8220;][vc_column_inner offset=&#8220;vc_col-lg-6 vc_col-md-6 vc_col-xs-12&#8243;][vc_column_text el_class=&#8220;text-2125 testo-nero&#8220;]\r\n<p style=\"text-align: center;\">Wi-fi\r\nTV\r\nB\u00fccher und Zeitschriften\r\nKamin\r\nBettw\u00e4sche und Handt\u00fccher<\/p>\r\n[\/vc_column_text][vc_column_text el_class=&#8220;text-2125 testo-nero&#8220;]\r\n<p style=\"text-align: center;\">Bettdecken aus G\u00e4nsedaunen\r\nPflegeprodukte\r\nBadewanne und Dusche\r\nVoll ausgestattete K\u00fcche<\/p>\r\n[\/vc_column_text][\/vc_column_inner][vc_column_inner offset=&#8220;vc_col-lg-6 vc_col-md-6 vc_col-xs-12&#8243;][vc_column_text el_class=&#8220;text-2125 testo-nero&#8220;]\r\n<p style=\"text-align: center;\">K\u00fchlschrank\r\nSp\u00fclmaschine\r\nOfen\r\nGeschirr und Zubeh\u00f6r\r\nWasch- und B\u00fcgelservice<\/p>\r\n[\/vc_column_text][vc_column_text el_class=&#8220;text-2125 testo-nero&#8220;]\r\n<p class=\"p1\" style=\"text-align: center;\">B\u00fcgelbrett und B\u00fcgeleisen\r\nHaustiere sind nach Absprache erlaubt\r\nParkplatz\r\nCheck-in und Check-out sind flexibel<\/p>\r\n[\/vc_column_text][\/vc_column_inner][\/vc_row_inner][\/vc_column][vc_column width=&#8220;1\/4&#8243; offset=&#8220;vc_hidden-lg vc_hidden-md&#8220;][vc_row_inner css=&#8220;.vc_custom_1514572971676{padding-bottom: 20px !important;}&#8220;][vc_column_inner css=&#8220;.vc_custom_1514574116304{padding-bottom: 20px !important;}&#8220;][vc_text_separator title=&#8220;H\u00c4USER&#8220; color=&#8220;custom&#8220; accent_color=&#8220;#80344e&#8220; el_class=&#8220;separatore_verticale viola&#8220;][\/vc_column_inner][\/vc_row_inner][vc_custom_heading text=&#8220;Bacco&#8220; font_container=&#8220;tag:h3|font_size:1.25rem|text_align:center|color:%2380344e|line_height:1.45rem&#8220; use_theme_fonts=&#8220;yes&#8220; link=&#8220;url:https%3A%2F%2Fwww.fontesala.com%2Fde%2Fle-case%2Fbacco%2F|title:Bacco&#8220; el_class=&#8220;link-a-casa&#8220; css=&#8220;.vc_custom_1699021143157{padding-bottom: 20px !important;}&#8220;][vc_custom_heading text=&#8220;Zefiro&#8220; font_container=&#8220;tag:h3|font_size:1.25rem|text_align:center|color:%2380344e|line_height:1.45rem&#8220; use_theme_fonts=&#8220;yes&#8220; link=&#8220;url:https%3A%2F%2Fwww.fontesala.com%2Fde%2Fle-case%2Fzefiro%2F|title:Zefiro&#8220; el_class=&#8220;link-a-casa&#8220; css=&#8220;.vc_custom_1699021156709{padding-bottom: 20px !important;}&#8220;][vc_custom_heading text=&#8220;Ginestra&#8220; font_container=&#8220;tag:h3|font_size:1.25rem|text_align:center|color:%2380344e|line_height:1.45rem&#8220; use_theme_fonts=&#8220;yes&#8220; link=&#8220;url:https%3A%2F%2Fwww.fontesala.com%2Fde%2Fle-case%2Fginestra%2F|title:Ginestra&#8220; el_class=&#8220;link-a-casa&#8220; css=&#8220;.vc_custom_1699021167440{padding-bottom: 20px !important;}&#8220;][vc_custom_heading text=&#8220;Lavanda&#8220; font_container=&#8220;tag:h3|font_size:1.25rem|text_align:center|color:%2380344e|line_height:1.45rem&#8220; use_theme_fonts=&#8220;yes&#8220; link=&#8220;url:https%3A%2F%2Fwww.fontesala.com%2Fde%2Fle-case%2Flavanda%2F|title:Lavanda&#8220; el_class=&#8220;link-a-casa&#8220; css=&#8220;.vc_custom_1699021184385{padding-bottom: 20px !important;}&#8220;][\/vc_column][\/vc_row][vc_row css=&#8220;.vc_custom_1514566254713{margin-top: 32px !important;}&#8220; kswr_row_top_decor_enabled=&#8220;false&#8220; kswr_row_bottom_decor_enabled=&#8220;false&#8220;][vc_column][vc_btn title=&#8220;Reservierung&#8220; style=&#8220;custom&#8220; custom_background=&#8220;#80344e&#8220; custom_text=&#8220;#ffffff&#8220; shape=&#8220;square&#8220; align=&#8220;center&#8220; el_class=&#8220;bottone-diamante&#8220; link=&#8220;url:%23|||&#8220; el_id=&#8220;btnTorre&#8220;][vc_single_image image=&#8220;1188&#8243; img_size=&#8220;large&#8220; el_id=&#8220;pianta&#8220;][vc_raw_js]JTNDc2NyaXB0JTIwdHlwZSUzRCUyMnRleHQlMkZqYXZhc2NyaXB0JTIyJTNFJTIwJTJGJTJGJTIwU2VtaWNvbG9uJTIwJTI4JTNCJTI5JTIwdG8lMjBlbnN1cmUlMjBjbG9zaW5nJTIwb2YlMjBlYXJsaWVyJTIwc2NyaXB0aW5nJTBBJTIwJTIwJTIwJTIwJTJGJTJGJTIwRW5jYXBzdWxhdGlvbiUwQSUyMCUyMCUyMCUyMCUyRiUyRiUyMCUyNCUyMGlzJTIwYXNzaWduZWQlMjB0byUyMGpRdWVyeSUwQSUyMCUyMCUyMCUyMCUzQiUyOGZ1bmN0aW9uJTI4JTI0JTI5JTIwJTdCJTBBJTBBJTIwJTIwJTIwJTIwJTIwJTIwJTIwJTIwJTIwJTJGJTJGJTIwRE9NJTIwUmVhZHklMEElMjAlMjAlMjAlMjAlMjAlMjAlMjAlMjAlMjQlMjhmdW5jdGlvbiUyOCUyOSUyMCU3QiUwQSUwQSUyMCUyMCUyMCUyMCUyMCUyMCUyMCUyMCUyMCUyMCUyMCUyMCUyRiUyRiUyMEJpbmRpbmclMjBhJTIwY2xpY2slMjBldmVudCUwQSUyMCUyMCUyMCUyMCUyMCUyMCUyMCUyMCUyMCUyMCUyMCUyMCUyRiUyRiUyMEZyb20lMjBqUXVlcnklMjB2LjEuNy4wJTIwdXNlJTIwLm9uJTI4JTI5JTIwaW5zdGVhZCUyMG9mJTIwLmJpbmQlMjglMjklMEElMjAlMjAlMjAlMjAlMjAlMjAlMjAlMjAlMjAlMjAlMjAlMjAlMjQlMjglMjclMjNhcHJpX3BpYW50YSUyNyUyOS5iaW5kJTI4JTI3Y2xpY2slMjclMkMlMjBmdW5jdGlvbiUyOGUlMjklMjAlN0IlMEElMEElMjAlMjAlMjAlMjAlMjAlMjAlMjAlMjAlMjAlMjAlMjAlMjAlMjAlMjAlMjAlMjAlMkYlMkYlMjBQcmV2ZW50cyUyMHRoZSUyMGRlZmF1bHQlMjBhY3Rpb24lMjB0byUyMGJlJTIwdHJpZ2dlcmVkLiUyMCUwQSUyMCUyMCUyMCUyMCUyMCUyMCUyMCUyMCUyMCUyMCUyMCUyMCUyMCUyMCUyMCUyMGUucHJldmVudERlZmF1bHQlMjglMjklM0IlMEElMEElMjAlMjAlMjAlMjAlMjAlMjAlMjAlMjAlMjAlMjAlMjAlMjAlMjAlMjAlMjAlMjAlMkYlMkYlMjBUcmlnZ2VyaW5nJTIwYlBvcHVwJTIwd2hlbiUyMGNsaWNrJTIwZXZlbnQlMjBpcyUyMGZpcmVkJTBBJTIwJTIwJTIwJTIwJTIwJTIwJTIwJTIwJTIwJTIwJTIwJTIwJTIwJTIwJTIwJTIwJTI0JTI4JTI3JTIzcGlhbnRhJTI3JTI5LmJQb3B1cCUyOCUyOSUzQiUwQSUwQSUyMCUyMCUyMCUyMCUyMCUyMCUyMCUyMCUyMCUyMCUyMCUyMCU3RCUyOSUzQiUwQSUyMCUyMCUyMCUyMCUyMCUyMCUyMCUyMCUyMCUyMCUyMCUyMCUwQSUyMCUyMCUyMCUyMCUyMCUyMCUyMCUyMCUyMCUyMCUyMCUyMCUyNCUyOCUyNyUyM2FwcmlfcGlhbnRhX21vYiUyNyUyOS5iaW5kJTI4JTI3Y2xpY2slMjclMkMlMjBmdW5jdGlvbiUyOGUlMjklMjAlN0IlMEElMEElMjAlMjAlMjAlMjAlMjAlMjAlMjAlMjAlMjAlMjAlMjAlMjAlMjAlMjAlMjAlMjAlMkYlMkYlMjBQcmV2ZW50cyUyMHRoZSUyMGRlZmF1bHQlMjBhY3Rpb24lMjB0byUyMGJlJTIwdHJpZ2dlcmVkLiUyMCUwQSUyMCUyMCUyMCUyMCUyMCUyMCUyMCUyMCUyMCUyMCUyMCUyMCUyMCUyMCUyMCUyMGUucHJldmVudERlZmF1bHQlMjglMjklM0IlMEElMEElMjAlMjAlMjAlMjAlMjAlMjAlMjAlMjAlMjAlMjAlMjAlMjAlMjAlMjAlMjAlMjAlMkYlMkYlMjBUcmlnZ2VyaW5nJTIwYlBvcHVwJTIwd2hlbiUyMGNsaWNrJTIwZXZlbnQlMjBpcyUyMGZpcmVkJTBBJTIwJTIwJTIwJTIwJTIwJTIwJTIwJTIwJTIwJTIwJTIwJTIwJTIwJTIwJTIwJTIwJTI0JTI4JTI3JTIzcGlhbnRhJTI3JTI5LmJQb3B1cCUyOCU3QiUwQSUyMCUyMCUyMCUyMCUyMCUyMCUyMCUyMCUyMCUyMCUyMCUyMCUyMCUyMCUyMCUyMCUyRiUyRnBvc2l0aW9uJTNBJTIwJTVCMCUyQyUyMDUwJTVEJTIwJTJGJTJGeCUyQyUyMHklMEElMjAlMjAlMjAlMjAlMjAlMjAlMjAlMjAlMjAlMjAlMjAlMjAlMjAlMjAlMjAlMjBwb3NpdGlvblN0eWxlJTNBJTIwJTI3Zml4ZWQlMjclMEElMDklMDklN0QlMjklM0IlMEElMjAlMjAlMjAlMjAlMjAlMjAlMjAlMjAlMjAlMjAlMjAlMjAlN0QlMjklM0IlMEElMEElMjAlMjAlMjAlMjAlMjAlMjAlMjAlMjAlN0QlMjklM0IlMEElMEElMjAlMjAlMjAlMjAlN0QlMjklMjhqUXVlcnklMjklM0IlMjAlM0MlMkZzY3JpcHQlM0U=[\/vc_raw_js][\/vc_column][\/vc_row][\/vc_section]<\/div>","protected":false},"excerpt":{"rendered":"[vc_section][vc_row full_width=&#8220;stretch_row_content_no_spaces&#8220; kswr_row_bg_type=&#8220;simpleimage&#8220; kswr_row_top_decor_enabled=&#8220;false&#8220; kswr_row_bottom_decor_enabled=&#8220;false&#8220; kswr_row_bg_image_img=&#8220;709&#8243; kswr_row_bg_image=&#8220;{&#8222;image&#8222;:&#8222;&#8222;,&#8222;repeat&#8222;:&#8222;repeat-x&#8222;,&#8222;position&#8222;:&#8222;left bottom&#8222;,&#8222;size&#8222;:&#8222;contain&#8222;,&#8222;overlay&#8222;:&#8222;&#8222;,&#8222;overlayopacity&#8222;:&#8222;0&#8222;}&#8220; css=&#8220;.vc_custom_1514564260543{margin-top: -50px !important;margin-bottom: -20px !important;}&#8220;][vc_column][vc_row_inner kswr_row_bg_type=&#8220;simpleimage&#8220; kswr_row_bg_image_img=&#8220;709&#8243; kswr_row_bg_image=&#8220;{&#8222;image&#8222;:&#8222;&#8222;,&#8222;repeat&#8222;:&#8222;repeat-x&#8222;,&#8222;position&#8222;:&#8222;center center&#8222;,&#8222;size&#8222;:&#8222;contain&#8222;,&#8222;overlay&#8222;:&#8222;&#8222;,&#8222;overlayopacity&#8222;:&#8222;0&#8222;}&#8220;][vc_column_inner width=&#8220;1\/3&#8243;][\/vc_column_inner][vc_column_inner width=&#8220;1\/3&#8243;][vc_single_image image=&#8220;708&#8243; img_size=&#8220;100&#215;100&#8243; alignment=&#8220;center&#8220;][\/vc_column_inner][vc_column_inner width=&#8220;1\/3&#8243;][\/vc_column_inner][\/vc_row_inner][\/vc_column][\/vc_row][vc_row full_width=&#8220;stretch_row_content&#8220; css=&#8220;.vc_custom_1516724657881{margin-top: 0px !important;background-color: #d6dcdb !important;}&#8220; kswr_row_top_decor_enabled=&#8220;false&#8220; kswr_row_bottom_decor_enabled=&#8220;false&#8220;][vc_column css=&#8220;.vc_custom_1516723591114{padding-top: 0px !important;}&#8220;][vc_text_separator title=&#8220;Torre&#8220; color=&#8220;custom&#8220; accent_color=&#8220;#80344e&#8220; el_class=&#8220;titolo-pagina testo-viola&#8220;][\/vc_column][\/vc_row][vc_row content_placement=&#8220;middle&#8220; css=&#8220;.vc_custom_1514564327178{padding-bottom: 32px !important;}&#8220; kswr_row_top_decor_enabled=&#8220;false&#8220; kswr_row_bottom_decor_enabled=&#8220;false&#8220;][vc_column width=&#8220;1\/6&#8243; offset=&#8220;vc_col-lg-2 vc_col-md-1 vc_hidden-sm vc_hidden-xs&#8220;][\/vc_column][vc_column<span class=\"excerpt-hellip\"> [\u2026]<\/span>","protected":false},"author":3,"featured_media":0,"parent":2018,"menu_order":0,"comment_status":"closed","ping_status":"closed","template":"","meta":{"_acf_changed":false,"footnotes":""},"class_list":["post-2021","page","type-page","status-publish","hentry"],"acf":[],"_links":{"self":[{"href":"https:\/\/www.fontesala.com\/de\/wp-json\/wp\/v2\/pages\/2021","targetHints":{"allow":["GET"]}}],"collection":[{"href":"https:\/\/www.fontesala.com\/de\/wp-json\/wp\/v2\/pages"}],"about":[{"href":"https:\/\/www.fontesala.com\/de\/wp-json\/wp\/v2\/types\/page"}],"author":[{"embeddable":true,"href":"https:\/\/www.fontesala.com\/de\/wp-json\/wp\/v2\/users\/3"}],"replies":[{"embeddable":true,"href":"https:\/\/www.fontesala.com\/de\/wp-json\/wp\/v2\/comments?post=2021"}],"version-history":[{"count":6,"href":"https:\/\/www.fontesala.com\/de\/wp-json\/wp\/v2\/pages\/2021\/revisions"}],"predecessor-version":[{"id":3606,"href":"https:\/\/www.fontesala.com\/de\/wp-json\/wp\/v2\/pages\/2021\/revisions\/3606"}],"up":[{"embeddable":true,"href":"https:\/\/www.fontesala.com\/de\/wp-json\/wp\/v2\/pages\/2018"}],"wp:attachment":[{"href":"https:\/\/www.fontesala.com\/de\/wp-json\/wp\/v2\/media?parent=2021"}],"curies":[{"name":"wp","href":"https:\/\/api.w.org\/{rel}","templated":true}]}}